{"id":5332,"date":"2017-02-21T10:54:14","date_gmt":"2017-02-21T10:54:14","guid":{"rendered":"https:\/\/koto.qodeinteractive.com\/?page_id=5332"},"modified":"2025-02-14T13:02:12","modified_gmt":"2025-02-14T13:02:12","slug":"exhibitions","status":"publish","type":"page","link":"https:\/\/demo.curatedmatters.art\/index.php\/exhibitions\/","title":{"rendered":"Exhibitions"},"content":{"rendered":"<p>[vc_row disable_background_image=&#8221;&#8221; css=&#8221;.vc_custom_1487581504347{padding-top: 4.8% !important;padding-right: 10% !important;padding-bottom: 9.8% !important;padding-left: 10% !important;}&#8221;][vc_column]<div class=\"eltdf-portfolio-list-holder eltdf-pl-masonry eltdf-pl-big-space eltdf-pl-two-columns eltdf-pl-standard-shader eltdf-pl-pag-load-more eltdf-pl-has-filter eltdf-item-position-center eltdf-align-left eltdf-original-image-size eltdf-skin-default\"  data-type=masonry data-number-of-columns=2 data-space-between-items=big data-number-of-items=8 data-image-proportions=full data-enable-fixed-proportions=no data-enable-shadows=no data-item-position=yes data-text-alignment=left data-category=exhibitions data-order-by=date data-order=ASC data-item-style=standard-shader data-item-style-skin=default data-category-first=no data-content-margin-top=50 data-enable-title=yes data-title-tag=h4 data-enable-category=yes data-enable-excerpt=no data-excerpt-length=20 data-pagination-type=load-more data-button-type=solid data-filter=yes data-filter-order-by=count data-enable-article-animation=no data-slider-speed=5000 data-enable-loop=yes data-enable-navigation=yes data-enable-pagination=yes data-choose-filter-titles=title data-set-slider-as-full-screen=yes data-max-num-pages=8 data-next-page=2>\n\t\t<div class=\"eltdf-pl-filter-holder\" >\n\t\t<div class=\"eltdf-plf-inner\">\n\t\t\t\t\t\t\t<ul>\n\t\t\t\t\t<li class=\"eltdf-pl-filter\" data-filter=\"\">\n\t\t\t\t\t\t<span >Show all<\/span>\n\t\t\t\t\t<\/li>\n\t\t\t\t\t\t\t\t\t\t\t<li class=\"eltdf-pl-filter\" data-filter=\".portfolio-category-2008\">\n\t\t\t\t\t\t\t<span >2008<\/span>\n\t\t\t\t\t\t<\/li>\n\t\t\t\t\t\t\t\t\t\t\t<li class=\"eltdf-pl-filter\" data-filter=\".portfolio-category-2004\">\n\t\t\t\t\t\t\t<span >2004<\/span>\n\t\t\t\t\t\t<\/li>\n\t\t\t\t\t\t\t\t\t<\/ul>\n\t\t\t\t\t<\/div>\n\t<\/div>\n\t\n\t<div class=\"eltdf-pl-inner clearfix\">\n\t\t<div class=\"eltdf-pl-grid-sizer\"><\/div>\n\t\t<div class=\"eltdf-pl-grid-gutter\"><\/div>\n\t\t<article class=\"eltdf-pl-item eltdf-pl-masonry-default post-7032 portfolio-item type-portfolio-item status-publish has-post-thumbnail hentry portfolio-category-257 portfolio-category-exhibitions\"  data-id=\"7032\">\n\t<div class=\"eltdf-pl-item-inner\">\n\t\t<div class=\"eltdf-pli-image\" >\n\t\t\t<img loading=\"lazy\" decoding=\"async\" width=\"1000\" height=\"750\" src=\"https:\/\/demo.curatedmatters.art\/wp-content\/uploads\/2004\/06\/4.Baldessari_f2.jpg\" class=\"attachment-full size-full wp-post-image\" alt=\"\" srcset=\"https:\/\/demo.curatedmatters.art\/wp-content\/uploads\/2004\/06\/4.Baldessari_f2.jpg 1000w, https:\/\/demo.curatedmatters.art\/wp-content\/uploads\/2004\/06\/4.Baldessari_f2-300x225.jpg 300w, https:\/\/demo.curatedmatters.art\/wp-content\/uploads\/2004\/06\/4.Baldessari_f2-768x576.jpg 768w\" sizes=\"auto, (max-width: 1000px) 100vw, 1000px\" \/>\t<\/div>\n<div class=\"eltdf-pli-text-holder\" style=\"margin-top: 50\">\n\t<div class=\"eltdf-pli-text-wrapper\">\n\t\t<div class=\"eltdf-pli-text\">\n\t\t\t\t\t\t\t\t<div class=\"eltdf-pli-title-holder\">\n\t\t<h4 itemprop=\"name\" class=\"eltdf-pli-title entry-title\" >\n\t\t\tBETWEEN FIRE AND ART\t\t<\/h4>\n\t<\/div>\n\t\t\t\t\t\t<div class=\"eltdf-pli-category-holder\">\n\t\t\t<div class=\"eltdf-pli-category-inner\">\n\t\t\t\t\t\t\t\t\t<a itemprop=\"url\" class=\"eltdf-pli-category\" href=\"https:\/\/demo.curatedmatters.art\/index.php\/portfolio-category\/2004\/\">2004<\/a>\n\t\t\t\t\t\t\t\t\t<a itemprop=\"url\" class=\"eltdf-pli-category\" href=\"https:\/\/demo.curatedmatters.art\/index.php\/portfolio-category\/exhibitions\/\">Exhibitions<\/a>\n\t\t\t\t\t\t\t<\/div>\n\t\t<\/div>\n\t\t\t\t\t\t\t\n\t\t\t\t\t<\/div>\n\t<\/div>\n<\/div>\n\t\t<a itemprop=\"url\" class=\"eltdf-pli-link\" href=\"https:\/\/demo.curatedmatters.art\/index.php\/portfolio-item\/between-fire-and-art\/\" target=\"_self\"><\/a>\n\t<\/div>\n<\/article><article class=\"eltdf-pl-item eltdf-pl-masonry-default post-7033 portfolio-item type-portfolio-item status-publish has-post-thumbnail hentry portfolio-category-280 portfolio-category-exhibitions\"  data-id=\"7033\">\n\t<div class=\"eltdf-pl-item-inner\">\n\t\t<div class=\"eltdf-pli-image\" >\n\t\t\t<img loading=\"lazy\" decoding=\"async\" width=\"800\" height=\"531\" src=\"https:\/\/demo.curatedmatters.art\/wp-content\/uploads\/2008\/05\/DSC_1938-n_f.jpg\" class=\"attachment-full size-full wp-post-image\" alt=\"\" srcset=\"https:\/\/demo.curatedmatters.art\/wp-content\/uploads\/2008\/05\/DSC_1938-n_f.jpg 800w, https:\/\/demo.curatedmatters.art\/wp-content\/uploads\/2008\/05\/DSC_1938-n_f-300x199.jpg 300w, https:\/\/demo.curatedmatters.art\/wp-content\/uploads\/2008\/05\/DSC_1938-n_f-768x510.jpg 768w\" sizes=\"auto, (max-width: 800px) 100vw, 800px\" \/>\t<\/div>\n<div class=\"eltdf-pli-text-holder\" style=\"margin-top: 50\">\n\t<div class=\"eltdf-pli-text-wrapper\">\n\t\t<div class=\"eltdf-pli-text\">\n\t\t\t\t\t\t\t\t<div class=\"eltdf-pli-title-holder\">\n\t\t<h4 itemprop=\"name\" class=\"eltdf-pli-title entry-title\" >\n\t\t\tJERMAN\t\t<\/h4>\n\t<\/div>\n\t\t\t\t\t\t<div class=\"eltdf-pli-category-holder\">\n\t\t\t<div class=\"eltdf-pli-category-inner\">\n\t\t\t\t\t\t\t\t\t<a itemprop=\"url\" class=\"eltdf-pli-category\" href=\"https:\/\/demo.curatedmatters.art\/index.php\/portfolio-category\/2008\/\">2008<\/a>\n\t\t\t\t\t\t\t\t\t<a itemprop=\"url\" class=\"eltdf-pli-category\" href=\"https:\/\/demo.curatedmatters.art\/index.php\/portfolio-category\/exhibitions\/\">Exhibitions<\/a>\n\t\t\t\t\t\t\t<\/div>\n\t\t<\/div>\n\t\t\t\t\t\t\t\n\t\t\t\t\t<\/div>\n\t<\/div>\n<\/div>\n\t\t<a itemprop=\"url\" class=\"eltdf-pli-link\" href=\"https:\/\/demo.curatedmatters.art\/index.php\/portfolio-item\/jerman\/\" target=\"_self\"><\/a>\n\t<\/div>\n<\/article><article class=\"eltdf-pl-item eltdf-pl-masonry-default post-7034 portfolio-item type-portfolio-item status-publish has-post-thumbnail hentry portfolio-category-exhibitions\"  data-id=\"7034\">\n\t<div class=\"eltdf-pl-item-inner\">\n\t\t<div class=\"eltdf-pli-image\" >\n\t\t\t<img loading=\"lazy\" decoding=\"async\" width=\"800\" height=\"916\" src=\"https:\/\/demo.curatedmatters.art\/wp-content\/uploads\/2017\/02\/port-10-img-1.jpg\" class=\"attachment-full size-full wp-post-image\" alt=\"a\" srcset=\"https:\/\/demo.curatedmatters.art\/wp-content\/uploads\/2017\/02\/port-10-img-1.jpg 800w, https:\/\/demo.curatedmatters.art\/wp-content\/uploads\/2017\/02\/port-10-img-1-262x300.jpg 262w, https:\/\/demo.curatedmatters.art\/wp-content\/uploads\/2017\/02\/port-10-img-1-768x879.jpg 768w\" sizes=\"auto, (max-width: 800px) 100vw, 800px\" \/>\t<\/div>\n<div class=\"eltdf-pli-text-holder\" style=\"margin-top: 50\">\n\t<div class=\"eltdf-pli-text-wrapper\">\n\t\t<div class=\"eltdf-pli-text\">\n\t\t\t\t\t\t\t\t<div class=\"eltdf-pli-title-holder\">\n\t\t<h4 itemprop=\"name\" class=\"eltdf-pli-title entry-title\" >\n\t\t\tMATEJ ANDRA\u017d VOGRIN\u010cI\u010c:  \u0160KUC BAKE SHOP\t\t<\/h4>\n\t<\/div>\n\t\t\t\t\t\t<div class=\"eltdf-pli-category-holder\">\n\t\t\t<div class=\"eltdf-pli-category-inner\">\n\t\t\t\t\t\t\t\t\t<a itemprop=\"url\" class=\"eltdf-pli-category\" href=\"https:\/\/demo.curatedmatters.art\/index.php\/portfolio-category\/exhibitions\/\">Exhibitions<\/a>\n\t\t\t\t\t\t\t<\/div>\n\t\t<\/div>\n\t\t\t\t\t\t\t\n\t\t\t\t\t<\/div>\n\t<\/div>\n<\/div>\n\t\t<a itemprop=\"url\" class=\"eltdf-pli-link\" href=\"https:\/\/demo.curatedmatters.art\/index.php\/portfolio-item\/matej-andraz-vogrincic-skuc-bake-shop\/\" target=\"_self\"><\/a>\n\t<\/div>\n<\/article><article class=\"eltdf-pl-item eltdf-pl-masonry-default post-7035 portfolio-item type-portfolio-item status-publish has-post-thumbnail hentry portfolio-category-exhibitions\"  data-id=\"7035\">\n\t<div class=\"eltdf-pl-item-inner\">\n\t\t<div class=\"eltdf-pli-image\" >\n\t\t\t<img loading=\"lazy\" decoding=\"async\" width=\"800\" height=\"916\" src=\"https:\/\/demo.curatedmatters.art\/wp-content\/uploads\/2017\/02\/port-10-img-1.jpg\" class=\"attachment-full size-full wp-post-image\" alt=\"a\" srcset=\"https:\/\/demo.curatedmatters.art\/wp-content\/uploads\/2017\/02\/port-10-img-1.jpg 800w, https:\/\/demo.curatedmatters.art\/wp-content\/uploads\/2017\/02\/port-10-img-1-262x300.jpg 262w, https:\/\/demo.curatedmatters.art\/wp-content\/uploads\/2017\/02\/port-10-img-1-768x879.jpg 768w\" sizes=\"auto, (max-width: 800px) 100vw, 800px\" \/>\t<\/div>\n<div class=\"eltdf-pli-text-holder\" style=\"margin-top: 50\">\n\t<div class=\"eltdf-pli-text-wrapper\">\n\t\t<div class=\"eltdf-pli-text\">\n\t\t\t\t\t\t\t\t<div class=\"eltdf-pli-title-holder\">\n\t\t<h4 itemprop=\"name\" class=\"eltdf-pli-title entry-title\" >\n\t\t\tULAY: BECOME\t\t<\/h4>\n\t<\/div>\n\t\t\t\t\t\t<div class=\"eltdf-pli-category-holder\">\n\t\t\t<div class=\"eltdf-pli-category-inner\">\n\t\t\t\t\t\t\t\t\t<a itemprop=\"url\" class=\"eltdf-pli-category\" href=\"https:\/\/demo.curatedmatters.art\/index.php\/portfolio-category\/exhibitions\/\">Exhibitions<\/a>\n\t\t\t\t\t\t\t<\/div>\n\t\t<\/div>\n\t\t\t\t\t\t\t\n\t\t\t\t\t<\/div>\n\t<\/div>\n<\/div>\n\t\t<a itemprop=\"url\" class=\"eltdf-pli-link\" href=\"https:\/\/demo.curatedmatters.art\/index.php\/portfolio-item\/ulay-become\/\" target=\"_self\"><\/a>\n\t<\/div>\n<\/article><article class=\"eltdf-pl-item eltdf-pl-masonry-default post-7041 portfolio-item type-portfolio-item status-publish has-post-thumbnail hentry portfolio-category-exhibitions\"  data-id=\"7041\">\n\t<div class=\"eltdf-pl-item-inner\">\n\t\t<div class=\"eltdf-pli-image\" >\n\t\t\t<img loading=\"lazy\" decoding=\"async\" width=\"800\" height=\"916\" src=\"https:\/\/demo.curatedmatters.art\/wp-content\/uploads\/2017\/02\/port-10-img-1.jpg\" class=\"attachment-full size-full wp-post-image\" alt=\"a\" srcset=\"https:\/\/demo.curatedmatters.art\/wp-content\/uploads\/2017\/02\/port-10-img-1.jpg 800w, https:\/\/demo.curatedmatters.art\/wp-content\/uploads\/2017\/02\/port-10-img-1-262x300.jpg 262w, https:\/\/demo.curatedmatters.art\/wp-content\/uploads\/2017\/02\/port-10-img-1-768x879.jpg 768w\" sizes=\"auto, (max-width: 800px) 100vw, 800px\" \/>\t<\/div>\n<div class=\"eltdf-pli-text-holder\" style=\"margin-top: 50\">\n\t<div class=\"eltdf-pli-text-wrapper\">\n\t\t<div class=\"eltdf-pli-text\">\n\t\t\t\t\t\t\t\t<div class=\"eltdf-pli-title-holder\">\n\t\t<h4 itemprop=\"name\" class=\"eltdf-pli-title entry-title\" >\n\t\t\tBROKEN DOWN WALLS OF THE CRIMSON SALON\t\t<\/h4>\n\t<\/div>\n\t\t\t\t\t\t<div class=\"eltdf-pli-category-holder\">\n\t\t\t<div class=\"eltdf-pli-category-inner\">\n\t\t\t\t\t\t\t\t\t<a itemprop=\"url\" class=\"eltdf-pli-category\" href=\"https:\/\/demo.curatedmatters.art\/index.php\/portfolio-category\/exhibitions\/\">Exhibitions<\/a>\n\t\t\t\t\t\t\t<\/div>\n\t\t<\/div>\n\t\t\t\t\t\t\t\n\t\t\t\t\t<\/div>\n\t<\/div>\n<\/div>\n\t\t<a itemprop=\"url\" class=\"eltdf-pli-link\" href=\"https:\/\/demo.curatedmatters.art\/index.php\/portfolio-item\/broken-down-walls-of-the-crimson-salon\/\" target=\"_self\"><\/a>\n\t<\/div>\n<\/article><article class=\"eltdf-pl-item eltdf-pl-masonry-default post-7040 portfolio-item type-portfolio-item status-publish has-post-thumbnail hentry portfolio-category-exhibitions\"  data-id=\"7040\">\n\t<div class=\"eltdf-pl-item-inner\">\n\t\t<div class=\"eltdf-pli-image\" >\n\t\t\t<img loading=\"lazy\" decoding=\"async\" width=\"800\" height=\"916\" src=\"https:\/\/demo.curatedmatters.art\/wp-content\/uploads\/2017\/02\/port-10-img-1.jpg\" class=\"attachment-full size-full wp-post-image\" alt=\"a\" srcset=\"https:\/\/demo.curatedmatters.art\/wp-content\/uploads\/2017\/02\/port-10-img-1.jpg 800w, https:\/\/demo.curatedmatters.art\/wp-content\/uploads\/2017\/02\/port-10-img-1-262x300.jpg 262w, https:\/\/demo.curatedmatters.art\/wp-content\/uploads\/2017\/02\/port-10-img-1-768x879.jpg 768w\" sizes=\"auto, (max-width: 800px) 100vw, 800px\" \/>\t<\/div>\n<div class=\"eltdf-pli-text-holder\" style=\"margin-top: 50\">\n\t<div class=\"eltdf-pli-text-wrapper\">\n\t\t<div class=\"eltdf-pli-text\">\n\t\t\t\t\t\t\t\t<div class=\"eltdf-pli-title-holder\">\n\t\t<h4 itemprop=\"name\" class=\"eltdf-pli-title entry-title\" >\n\t\t\tCUT\t\t<\/h4>\n\t<\/div>\n\t\t\t\t\t\t<div class=\"eltdf-pli-category-holder\">\n\t\t\t<div class=\"eltdf-pli-category-inner\">\n\t\t\t\t\t\t\t\t\t<a itemprop=\"url\" class=\"eltdf-pli-category\" href=\"https:\/\/demo.curatedmatters.art\/index.php\/portfolio-category\/exhibitions\/\">Exhibitions<\/a>\n\t\t\t\t\t\t\t<\/div>\n\t\t<\/div>\n\t\t\t\t\t\t\t\n\t\t\t\t\t<\/div>\n\t<\/div>\n<\/div>\n\t\t<a itemprop=\"url\" class=\"eltdf-pli-link\" href=\"https:\/\/demo.curatedmatters.art\/index.php\/portfolio-item\/cut\/\" target=\"_self\"><\/a>\n\t<\/div>\n<\/article><article class=\"eltdf-pl-item eltdf-pl-masonry-default post-7039 portfolio-item type-portfolio-item status-publish has-post-thumbnail hentry portfolio-category-exhibitions\"  data-id=\"7039\">\n\t<div class=\"eltdf-pl-item-inner\">\n\t\t<div class=\"eltdf-pli-image\" >\n\t\t\t<img loading=\"lazy\" decoding=\"async\" width=\"800\" height=\"916\" src=\"https:\/\/demo.curatedmatters.art\/wp-content\/uploads\/2017\/02\/port-10-img-1.jpg\" class=\"attachment-full size-full wp-post-image\" alt=\"a\" srcset=\"https:\/\/demo.curatedmatters.art\/wp-content\/uploads\/2017\/02\/port-10-img-1.jpg 800w, https:\/\/demo.curatedmatters.art\/wp-content\/uploads\/2017\/02\/port-10-img-1-262x300.jpg 262w, https:\/\/demo.curatedmatters.art\/wp-content\/uploads\/2017\/02\/port-10-img-1-768x879.jpg 768w\" sizes=\"auto, (max-width: 800px) 100vw, 800px\" \/>\t<\/div>\n<div class=\"eltdf-pli-text-holder\" style=\"margin-top: 50\">\n\t<div class=\"eltdf-pli-text-wrapper\">\n\t\t<div class=\"eltdf-pli-text\">\n\t\t\t\t\t\t\t\t<div class=\"eltdf-pli-title-holder\">\n\t\t<h4 itemprop=\"name\" class=\"eltdf-pli-title entry-title\" >\n\t\t\tDisobedience, in the eyes of anyone who has read history, is man&#8217;s original virtue\t\t<\/h4>\n\t<\/div>\n\t\t\t\t\t\t<div class=\"eltdf-pli-category-holder\">\n\t\t\t<div class=\"eltdf-pli-category-inner\">\n\t\t\t\t\t\t\t\t\t<a itemprop=\"url\" class=\"eltdf-pli-category\" href=\"https:\/\/demo.curatedmatters.art\/index.php\/portfolio-category\/exhibitions\/\">Exhibitions<\/a>\n\t\t\t\t\t\t\t<\/div>\n\t\t<\/div>\n\t\t\t\t\t\t\t\n\t\t\t\t\t<\/div>\n\t<\/div>\n<\/div>\n\t\t<a itemprop=\"url\" class=\"eltdf-pli-link\" href=\"https:\/\/demo.curatedmatters.art\/index.php\/portfolio-item\/disobedience-in-the-eyes-of-anyone-who-has-read-history-is-mans-original-virtue\/\" target=\"_self\"><\/a>\n\t<\/div>\n<\/article><article class=\"eltdf-pl-item eltdf-pl-masonry-default post-7042 portfolio-item type-portfolio-item status-publish has-post-thumbnail hentry portfolio-category-exhibitions\"  data-id=\"7042\">\n\t<div class=\"eltdf-pl-item-inner\">\n\t\t<div class=\"eltdf-pli-image\" >\n\t\t\t<img loading=\"lazy\" decoding=\"async\" width=\"800\" height=\"916\" src=\"https:\/\/demo.curatedmatters.art\/wp-content\/uploads\/2017\/02\/port-10-img-1.jpg\" class=\"attachment-full size-full wp-post-image\" alt=\"a\" srcset=\"https:\/\/demo.curatedmatters.art\/wp-content\/uploads\/2017\/02\/port-10-img-1.jpg 800w, https:\/\/demo.curatedmatters.art\/wp-content\/uploads\/2017\/02\/port-10-img-1-262x300.jpg 262w, https:\/\/demo.curatedmatters.art\/wp-content\/uploads\/2017\/02\/port-10-img-1-768x879.jpg 768w\" sizes=\"auto, (max-width: 800px) 100vw, 800px\" \/>\t<\/div>\n<div class=\"eltdf-pli-text-holder\" style=\"margin-top: 50\">\n\t<div class=\"eltdf-pli-text-wrapper\">\n\t\t<div class=\"eltdf-pli-text\">\n\t\t\t\t\t\t\t\t<div class=\"eltdf-pli-title-holder\">\n\t\t<h4 itemprop=\"name\" class=\"eltdf-pli-title entry-title\" >\n\t\t\tACCRETIONS\t\t<\/h4>\n\t<\/div>\n\t\t\t\t\t\t<div class=\"eltdf-pli-category-holder\">\n\t\t\t<div class=\"eltdf-pli-category-inner\">\n\t\t\t\t\t\t\t\t\t<a itemprop=\"url\" class=\"eltdf-pli-category\" href=\"https:\/\/demo.curatedmatters.art\/index.php\/portfolio-category\/exhibitions\/\">Exhibitions<\/a>\n\t\t\t\t\t\t\t<\/div>\n\t\t<\/div>\n\t\t\t\t\t\t\t\n\t\t\t\t\t<\/div>\n\t<\/div>\n<\/div>\n\t\t<a itemprop=\"url\" class=\"eltdf-pli-link\" href=\"https:\/\/demo.curatedmatters.art\/index.php\/portfolio-item\/accretions\/\" target=\"_self\"><\/a>\n\t<\/div>\n<\/article>\t<\/div>\n\t\n\t\t<div class=\"eltdf-pl-loading\" >\n        <span class=\"eltdf-pl-loading-msg\">Loading<\/span>\n\t<\/div>\n\t<div class=\"eltdf-pl-load-more-holder\">\n\t\t<div class=\"eltdf-pl-load-more\" >\n\t\t\t<a itemprop=\"url\" href=\"\" target=\"_self\"  class=\"eltdf-btn eltdf-btn-medium eltdf-btn-solid\"  >    <span class=\"eltdf-btn-text\">LOAD MORE<\/span>    <\/a>\t\t<\/div>\n\t<\/div>\n<\/div>[\/vc_column][\/vc_row]<\/p>\n","protected":false},"excerpt":{"rendered":"<p>[vc_row disable_background_image=&#8221;&#8221; css=&#8221;.vc_custom_1487581504347{padding-top: 4.8% !important;padding-right: 10% !important;padding-bottom: 9.8% !important;padding-left: 10% !important;}&#8221;][vc_column][\/vc_column][\/vc_row]<\/p>\n","protected":false},"author":1,"featured_media":0,"parent":0,"menu_order":0,"comment_status":"closed","ping_status":"closed","template":"full-width.php","meta":{"footnotes":""},"class_list":["post-5332","page","type-page","status-publish","hentry"],"yoast_head":"<!-- This site is optimized with the Yoast SEO plugin v24.4 - https:\/\/yoast.com\/wordpress\/plugins\/seo\/ -->\n<title>Exhibitions - Currated Matters<\/title>\n<meta name=\"robots\" content=\"noindex, follow, max-snippet:-1, max-image-preview:large, max-video-preview:-1\" \/>\n<meta property=\"og:locale\" content=\"en_US\" \/>\n<meta property=\"og:type\" content=\"article\" \/>\n<meta property=\"og:title\" content=\"Exhibitions - Currated Matters\" \/>\n<meta property=\"og:description\" content=\"[vc_row disable_background_image=&#8221;&#8221; css=&#8221;.vc_custom_1487581504347{padding-top: 4.8% !important;padding-right: 10% !important;padding-bottom: 9.8% !important;padding-left: 10% !important;}&#8221;][vc_column][\/vc_column][\/vc_row]\" \/>\n<meta property=\"og:url\" content=\"https:\/\/demo.curatedmatters.art\/index.php\/exhibitions\/\" \/>\n<meta property=\"og:site_name\" content=\"Currated Matters\" \/>\n<meta property=\"article:modified_time\" content=\"2025-02-14T13:02:12+00:00\" \/>\n<meta name=\"twitter:card\" content=\"summary_large_image\" \/>\n<meta name=\"twitter:label1\" content=\"Est. reading time\" \/>\n\t<meta name=\"twitter:data1\" content=\"1 minute\" \/>\n<script type=\"application\/ld+json\" class=\"yoast-schema-graph\">{\"@context\":\"https:\/\/schema.org\",\"@graph\":[{\"@type\":\"WebPage\",\"@id\":\"https:\/\/demo.curatedmatters.art\/index.php\/exhibitions\/\",\"url\":\"https:\/\/demo.curatedmatters.art\/index.php\/exhibitions\/\",\"name\":\"Exhibitions - Currated Matters\",\"isPartOf\":{\"@id\":\"https:\/\/demo.curatedmatters.art\/#website\"},\"datePublished\":\"2017-02-21T10:54:14+00:00\",\"dateModified\":\"2025-02-14T13:02:12+00:00\",\"breadcrumb\":{\"@id\":\"https:\/\/demo.curatedmatters.art\/index.php\/exhibitions\/#breadcrumb\"},\"inLanguage\":\"en-US\",\"potentialAction\":[{\"@type\":\"ReadAction\",\"target\":[\"https:\/\/demo.curatedmatters.art\/index.php\/exhibitions\/\"]}]},{\"@type\":\"BreadcrumbList\",\"@id\":\"https:\/\/demo.curatedmatters.art\/index.php\/exhibitions\/#breadcrumb\",\"itemListElement\":[{\"@type\":\"ListItem\",\"position\":1,\"name\":\"Home\",\"item\":\"https:\/\/demo.curatedmatters.art\/\"},{\"@type\":\"ListItem\",\"position\":2,\"name\":\"Exhibitions\"}]},{\"@type\":\"WebSite\",\"@id\":\"https:\/\/demo.curatedmatters.art\/#website\",\"url\":\"https:\/\/demo.curatedmatters.art\/\",\"name\":\"Currated Matters\",\"description\":\"\",\"potentialAction\":[{\"@type\":\"SearchAction\",\"target\":{\"@type\":\"EntryPoint\",\"urlTemplate\":\"https:\/\/demo.curatedmatters.art\/?s={search_term_string}\"},\"query-input\":{\"@type\":\"PropertyValueSpecification\",\"valueRequired\":true,\"valueName\":\"search_term_string\"}}],\"inLanguage\":\"en-US\"}]}<\/script>\n<!-- \/ Yoast SEO plugin. -->","yoast_head_json":{"title":"Exhibitions - Currated Matters","robots":{"index":"noindex","follow":"follow","max-snippet":"max-snippet:-1","max-image-preview":"max-image-preview:large","max-video-preview":"max-video-preview:-1"},"og_locale":"en_US","og_type":"article","og_title":"Exhibitions - Currated Matters","og_description":"[vc_row disable_background_image=&#8221;&#8221; css=&#8221;.vc_custom_1487581504347{padding-top: 4.8% !important;padding-right: 10% !important;padding-bottom: 9.8% !important;padding-left: 10% !important;}&#8221;][vc_column][\/vc_column][\/vc_row]","og_url":"https:\/\/demo.curatedmatters.art\/index.php\/exhibitions\/","og_site_name":"Currated Matters","article_modified_time":"2025-02-14T13:02:12+00:00","twitter_card":"summary_large_image","twitter_misc":{"Est. reading time":"1 minute"},"schema":{"@context":"https:\/\/schema.org","@graph":[{"@type":"WebPage","@id":"https:\/\/demo.curatedmatters.art\/index.php\/exhibitions\/","url":"https:\/\/demo.curatedmatters.art\/index.php\/exhibitions\/","name":"Exhibitions - Currated Matters","isPartOf":{"@id":"https:\/\/demo.curatedmatters.art\/#website"},"datePublished":"2017-02-21T10:54:14+00:00","dateModified":"2025-02-14T13:02:12+00:00","breadcrumb":{"@id":"https:\/\/demo.curatedmatters.art\/index.php\/exhibitions\/#breadcrumb"},"inLanguage":"en-US","potentialAction":[{"@type":"ReadAction","target":["https:\/\/demo.curatedmatters.art\/index.php\/exhibitions\/"]}]},{"@type":"BreadcrumbList","@id":"https:\/\/demo.curatedmatters.art\/index.php\/exhibitions\/#breadcrumb","itemListElement":[{"@type":"ListItem","position":1,"name":"Home","item":"https:\/\/demo.curatedmatters.art\/"},{"@type":"ListItem","position":2,"name":"Exhibitions"}]},{"@type":"WebSite","@id":"https:\/\/demo.curatedmatters.art\/#website","url":"https:\/\/demo.curatedmatters.art\/","name":"Currated Matters","description":"","potentialAction":[{"@type":"SearchAction","target":{"@type":"EntryPoint","urlTemplate":"https:\/\/demo.curatedmatters.art\/?s={search_term_string}"},"query-input":{"@type":"PropertyValueSpecification","valueRequired":true,"valueName":"search_term_string"}}],"inLanguage":"en-US"}]}},"_links":{"self":[{"href":"https:\/\/demo.curatedmatters.art\/index.php\/wp-json\/wp\/v2\/pages\/5332","targetHints":{"allow":["GET"]}}],"collection":[{"href":"https:\/\/demo.curatedmatters.art\/index.php\/wp-json\/wp\/v2\/pages"}],"about":[{"href":"https:\/\/demo.curatedmatters.art\/index.php\/wp-json\/wp\/v2\/types\/page"}],"author":[{"embeddable":true,"href":"https:\/\/demo.curatedmatters.art\/index.php\/wp-json\/wp\/v2\/users\/1"}],"replies":[{"embeddable":true,"href":"https:\/\/demo.curatedmatters.art\/index.php\/wp-json\/wp\/v2\/comments?post=5332"}],"version-history":[{"count":4,"href":"https:\/\/demo.curatedmatters.art\/index.php\/wp-json\/wp\/v2\/pages\/5332\/revisions"}],"predecessor-version":[{"id":6925,"href":"https:\/\/demo.curatedmatters.art\/index.php\/wp-json\/wp\/v2\/pages\/5332\/revisions\/6925"}],"wp:attachment":[{"href":"https:\/\/demo.curatedmatters.art\/index.php\/wp-json\/wp\/v2\/media?parent=5332"}],"curies":[{"name":"wp","href":"https:\/\/api.w.org\/{rel}","templated":true}]}}