{"id":4052,"date":"2017-02-09T15:13:55","date_gmt":"2017-02-09T15:13:55","guid":{"rendered":"https:\/\/koto.qodeinteractive.com\/?page_id=4052"},"modified":"2025-02-14T18:48:26","modified_gmt":"2025-02-14T18:48:26","slug":"about-me","status":"publish","type":"page","link":"https:\/\/demo.curatedmatters.art\/index.php\/about-me\/","title":{"rendered":"About Me"},"content":{"rendered":"<p>[vc_row row_content_width=&#8221;grid&#8221; disable_background_image=&#8221;&#8221; css=&#8221;.vc_custom_1487667662669{padding-top: 10.4% !important;padding-bottom: 15% !important;}&#8221;][vc_column offset=&#8221;vc_col-lg-offset-0 vc_col-lg-5 vc_col-md-offset-0 vc_col-md-12 vc_col-sm-offset-0&#8243;]<div class=\"eltdf-elements-holder eltdf-one-column eltdf-responsive-mode-768\" ><div class=\"eltdf-eh-item \"  data-item-class=\"eltdf-eh-custom-688021\" data-1024-1280=\"0%\" data-768-1024=\"0%\" data-600-768=\"0%\" data-480-600=\"0%\" data-480=\"0%\">\n\t<div class=\"eltdf-eh-item-inner\">\n\t\t<div class=\"eltdf-eh-item-content eltdf-eh-custom-688021\" style=\"padding: 0 3% 0 8%\">\n\t\t\t[vc_single_image image=&#8221;6958&#8243; img_size=&#8221;full&#8221;][vc_empty_space height=&#8221;50px&#8221;]\t\t<\/div>\n\t<\/div>\n<\/div><\/div>[\/vc_column][vc_column offset=&#8221;vc_col-lg-offset-0 vc_col-lg-7 vc_col-md-offset-0 vc_col-md-12 vc_col-sm-offset-0&#8243;][vc_empty_space height=&#8221;11px&#8221;]<div class=\"eltdf-section-title-holder eltdf-default-separator-image\" style=\"text-align: left\">\n\t\t\t<h1 class=\"eltdf-st-title\" >\n\t\t\t<span>ABOUT<\/span>\n\t\t<\/h1>\n\t\t\t\t<div class=\"eltdf-st-separator\" >\n\t\t\t\t\t\t\t<img decoding=\"async\" itemprop=\"image\" class=\"eltdf-st-separator-image\" src=\"https:\/\/demo.curatedmatters.art\/wp-content\/plugins\/eltdf-core\/shortcodes\/section-title\/assets\/img\/section-title.svg\" alt=\"Section Title Separator\" \/>\n\t\t\t\t\t<\/div>\n\t\t\t\t<h4 class=\"eltdf-st-text\" style=\"margin-top: 37px\">Tev\u017e Logar works as an independent curator, editor and author.<\/h4>\n\t<\/div>[vc_empty_space height=&#8221;35px&#8221;][vc_column_text]He has curated or co-curated a number of group and solo exhibitions and collaborated with institutions, galleries, collections and publishers, such as: Museum of Modern and Contemporary Art, \u0141\u00f3d\u017a; Moderna galerija, Ljubljana; The Fondazione Sandretto Re Rebaudengo, Turin; Kunsthalle Praha; TBA21, Vienna; Ludwig Museum, Budapest; James Gallery, New York; Cooper Gallery, Dundee; American University Beirut; CAC Geneve; Kontakt Collection, Vienna; Routledge, New York; and Artforum, New York. For the 55th Venice Biennial (2013) he worked as a curator of the Slovenian pavilion, while for the 58th Venice Biennial (2019), he worked with the Pavilion of Republic of North Macedonia as curatorial consultant and the Pavilion of Republic of Kosovo as a writer.[\/vc_column_text][vc_empty_space height=&#8221;20px&#8221;][vc_column_text]From 2009 to 2014, he was the artistic director of the \u0160kuc Gallery in Ljubljana, Slovenia, and a lecturer in 20th Century Art History at the Academy of Visual Arts (AVA) in the same city.[\/vc_column_text][vc_empty_space height=&#8221;20px&#8221;][vc_column_text]He was the screenwriter of the full-length documentary Project Cancer: Ulay\u2019s journal from November to November (2013) and is a co-founder of the Ulay Foundation (2014) in Amsterdam, where he now sits as a member of the Advisory Board.[\/vc_column_text][vc_empty_space height=&#8221;20px&#8221;][vc_column_text]He lives in Rijeka, Croatia.[\/vc_column_text][vc_empty_space height=&#8221;68px&#8221;]    <span class=\"eltdf-icon-shortcode eltdf-normal\" style=\"margin: 0px 7px 0px 9px\" data-hover-color=\"#999999\" data-color=\"#232323\">\n                    <a itemprop=\"url\" class=\"eltdf-anchor\" href=\"https:\/\/www.instagram.com\/logartevz\/\" target=\"_blank\">\n                    <i class=\"eltdf-icon-font-awesome fa fa-instagram eltdf-icon-element\" style=\"color: #232323;font-size:16px\" ><\/i>                    <\/a>\n            <\/span>\n    <span class=\"eltdf-icon-shortcode eltdf-normal\" style=\"margin: 0px 7px 0px 0px\" data-hover-color=\"#999999\" data-color=\"#232323\">\n                    <a itemprop=\"url\" class=\"eltdf-anchor\" href=\"https:\/\/www.facebook.com\/Tevz.Logar\/\" target=\"_blank\">\n                    <i class=\"eltdf-icon-font-awesome fa fa-facebook eltdf-icon-element\" style=\"color: #232323;font-size:16px\" ><\/i>                    <\/a>\n            <\/span>\n    <span class=\"eltdf-icon-shortcode eltdf-normal\" style=\"margin: 0px 7px 0px 0px\" data-hover-color=\"#999999\" data-color=\"#232323\">\n                    <a itemprop=\"url\" class=\"eltdf-anchor\" href=\"http:\/\/www.linkedin.com\/in\/tevz-logar-aba610198\" target=\"_blank\">\n                    <i class=\"eltdf-icon-font-awesome fa fa-linkedin eltdf-icon-element\" style=\"color: #232323;font-size:16px\" ><\/i>                    <\/a>\n            <\/span>\n[\/vc_column][\/vc_row]<\/p>\n","protected":false},"excerpt":{"rendered":"<p>[vc_row row_content_width=&#8221;grid&#8221; disable_background_image=&#8221;&#8221; css=&#8221;.vc_custom_1487667662669{padding-top: 10.4% !important;padding-bottom: 15% !important;}&#8221;][vc_column offset=&#8221;vc_col-lg-offset-0 vc_col-lg-5 vc_col-md-offset-0 vc_col-md-12 vc_col-sm-offset-0&#8243;][\/vc_column][vc_column offset=&#8221;vc_col-lg-offset-0 vc_col-lg-7 vc_col-md-offset-0 vc_col-md-12 vc_col-sm-offset-0&#8243;][vc_empty_space height=&#8221;11px&#8221;][vc_empty_space height=&#8221;35px&#8221;][vc_column_text]He has curated or co-curated a number of group and solo exhibitions and collaborated with institutions, galleries, collections and publishers, such [&hellip;]<\/p>\n","protected":false},"author":1,"featured_media":0,"parent":0,"menu_order":0,"comment_status":"closed","ping_status":"closed","template":"full-width.php","meta":{"footnotes":""},"class_list":["post-4052","page","type-page","status-publish","hentry"],"yoast_head":"<!-- This site is optimized with the Yoast SEO plugin v24.4 - https:\/\/yoast.com\/wordpress\/plugins\/seo\/ -->\n<title>About Me - Currated Matters<\/title>\n<meta name=\"robots\" content=\"noindex, follow, max-snippet:-1, max-image-preview:large, max-video-preview:-1\" \/>\n<meta property=\"og:locale\" content=\"en_US\" \/>\n<meta property=\"og:type\" content=\"article\" \/>\n<meta property=\"og:title\" content=\"About Me - Currated Matters\" \/>\n<meta property=\"og:description\" content=\"[vc_row row_content_width=&#8221;grid&#8221; disable_background_image=&#8221;&#8221; css=&#8221;.vc_custom_1487667662669{padding-top: 10.4% !important;padding-bottom: 15% !important;}&#8221;][vc_column offset=&#8221;vc_col-lg-offset-0 vc_col-lg-5 vc_col-md-offset-0 vc_col-md-12 vc_col-sm-offset-0&#8243;][\/vc_column][vc_column offset=&#8221;vc_col-lg-offset-0 vc_col-lg-7 vc_col-md-offset-0 vc_col-md-12 vc_col-sm-offset-0&#8243;][vc_empty_space height=&#8221;11px&#8221;][vc_empty_space height=&#8221;35px&#8221;][vc_column_text]He has curated or co-curated a number of group and solo exhibitions and collaborated with institutions, galleries, collections and publishers, such [&hellip;]\" \/>\n<meta property=\"og:url\" content=\"https:\/\/demo.curatedmatters.art\/index.php\/about-me\/\" \/>\n<meta property=\"og:site_name\" content=\"Currated Matters\" \/>\n<meta property=\"article:modified_time\" content=\"2025-02-14T18:48:26+00:00\" \/>\n<meta name=\"twitter:card\" content=\"summary_large_image\" \/>\n<meta name=\"twitter:label1\" content=\"Est. reading time\" \/>\n\t<meta name=\"twitter:data1\" content=\"2 minutes\" \/>\n<script type=\"application\/ld+json\" class=\"yoast-schema-graph\">{\"@context\":\"https:\/\/schema.org\",\"@graph\":[{\"@type\":\"WebPage\",\"@id\":\"https:\/\/demo.curatedmatters.art\/index.php\/about-me\/\",\"url\":\"https:\/\/demo.curatedmatters.art\/index.php\/about-me\/\",\"name\":\"About Me - Currated Matters\",\"isPartOf\":{\"@id\":\"https:\/\/demo.curatedmatters.art\/#website\"},\"datePublished\":\"2017-02-09T15:13:55+00:00\",\"dateModified\":\"2025-02-14T18:48:26+00:00\",\"breadcrumb\":{\"@id\":\"https:\/\/demo.curatedmatters.art\/index.php\/about-me\/#breadcrumb\"},\"inLanguage\":\"en-US\",\"potentialAction\":[{\"@type\":\"ReadAction\",\"target\":[\"https:\/\/demo.curatedmatters.art\/index.php\/about-me\/\"]}]},{\"@type\":\"BreadcrumbList\",\"@id\":\"https:\/\/demo.curatedmatters.art\/index.php\/about-me\/#breadcrumb\",\"itemListElement\":[{\"@type\":\"ListItem\",\"position\":1,\"name\":\"Home\",\"item\":\"https:\/\/demo.curatedmatters.art\/\"},{\"@type\":\"ListItem\",\"position\":2,\"name\":\"About Me\"}]},{\"@type\":\"WebSite\",\"@id\":\"https:\/\/demo.curatedmatters.art\/#website\",\"url\":\"https:\/\/demo.curatedmatters.art\/\",\"name\":\"Currated Matters\",\"description\":\"\",\"potentialAction\":[{\"@type\":\"SearchAction\",\"target\":{\"@type\":\"EntryPoint\",\"urlTemplate\":\"https:\/\/demo.curatedmatters.art\/?s={search_term_string}\"},\"query-input\":{\"@type\":\"PropertyValueSpecification\",\"valueRequired\":true,\"valueName\":\"search_term_string\"}}],\"inLanguage\":\"en-US\"}]}<\/script>\n<!-- \/ Yoast SEO plugin. -->","yoast_head_json":{"title":"About Me - Currated Matters","robots":{"index":"noindex","follow":"follow","max-snippet":"max-snippet:-1","max-image-preview":"max-image-preview:large","max-video-preview":"max-video-preview:-1"},"og_locale":"en_US","og_type":"article","og_title":"About Me - Currated Matters","og_description":"[vc_row row_content_width=&#8221;grid&#8221; disable_background_image=&#8221;&#8221; css=&#8221;.vc_custom_1487667662669{padding-top: 10.4% !important;padding-bottom: 15% !important;}&#8221;][vc_column offset=&#8221;vc_col-lg-offset-0 vc_col-lg-5 vc_col-md-offset-0 vc_col-md-12 vc_col-sm-offset-0&#8243;][\/vc_column][vc_column offset=&#8221;vc_col-lg-offset-0 vc_col-lg-7 vc_col-md-offset-0 vc_col-md-12 vc_col-sm-offset-0&#8243;][vc_empty_space height=&#8221;11px&#8221;][vc_empty_space height=&#8221;35px&#8221;][vc_column_text]He has curated or co-curated a number of group and solo exhibitions and collaborated with institutions, galleries, collections and publishers, such [&hellip;]","og_url":"https:\/\/demo.curatedmatters.art\/index.php\/about-me\/","og_site_name":"Currated Matters","article_modified_time":"2025-02-14T18:48:26+00:00","twitter_card":"summary_large_image","twitter_misc":{"Est. reading time":"2 minutes"},"schema":{"@context":"https:\/\/schema.org","@graph":[{"@type":"WebPage","@id":"https:\/\/demo.curatedmatters.art\/index.php\/about-me\/","url":"https:\/\/demo.curatedmatters.art\/index.php\/about-me\/","name":"About Me - Currated Matters","isPartOf":{"@id":"https:\/\/demo.curatedmatters.art\/#website"},"datePublished":"2017-02-09T15:13:55+00:00","dateModified":"2025-02-14T18:48:26+00:00","breadcrumb":{"@id":"https:\/\/demo.curatedmatters.art\/index.php\/about-me\/#breadcrumb"},"inLanguage":"en-US","potentialAction":[{"@type":"ReadAction","target":["https:\/\/demo.curatedmatters.art\/index.php\/about-me\/"]}]},{"@type":"BreadcrumbList","@id":"https:\/\/demo.curatedmatters.art\/index.php\/about-me\/#breadcrumb","itemListElement":[{"@type":"ListItem","position":1,"name":"Home","item":"https:\/\/demo.curatedmatters.art\/"},{"@type":"ListItem","position":2,"name":"About Me"}]},{"@type":"WebSite","@id":"https:\/\/demo.curatedmatters.art\/#website","url":"https:\/\/demo.curatedmatters.art\/","name":"Currated Matters","description":"","potentialAction":[{"@type":"SearchAction","target":{"@type":"EntryPoint","urlTemplate":"https:\/\/demo.curatedmatters.art\/?s={search_term_string}"},"query-input":{"@type":"PropertyValueSpecification","valueRequired":true,"valueName":"search_term_string"}}],"inLanguage":"en-US"}]}},"_links":{"self":[{"href":"https:\/\/demo.curatedmatters.art\/index.php\/wp-json\/wp\/v2\/pages\/4052","targetHints":{"allow":["GET"]}}],"collection":[{"href":"https:\/\/demo.curatedmatters.art\/index.php\/wp-json\/wp\/v2\/pages"}],"about":[{"href":"https:\/\/demo.curatedmatters.art\/index.php\/wp-json\/wp\/v2\/types\/page"}],"author":[{"embeddable":true,"href":"https:\/\/demo.curatedmatters.art\/index.php\/wp-json\/wp\/v2\/users\/1"}],"replies":[{"embeddable":true,"href":"https:\/\/demo.curatedmatters.art\/index.php\/wp-json\/wp\/v2\/comments?post=4052"}],"version-history":[{"count":14,"href":"https:\/\/demo.curatedmatters.art\/index.php\/wp-json\/wp\/v2\/pages\/4052\/revisions"}],"predecessor-version":[{"id":6963,"href":"https:\/\/demo.curatedmatters.art\/index.php\/wp-json\/wp\/v2\/pages\/4052\/revisions\/6963"}],"wp:attachment":[{"href":"https:\/\/demo.curatedmatters.art\/index.php\/wp-json\/wp\/v2\/media?parent=4052"}],"curies":[{"name":"wp","href":"https:\/\/api.w.org\/{rel}","templated":true}]}}